{"id":29,"date":"2021-10-27T12:18:11","date_gmt":"2021-10-27T10:18:11","guid":{"rendered":"http:\/\/www.festvereintriptis.de\/wordpress\/?page_id=29"},"modified":"2023-12-31T12:53:03","modified_gmt":"2023-12-31T11:53:03","slug":"impressum-haftungsausschluss-und-datenschutz","status":"publish","type":"page","link":"http:\/\/www.festvereintriptis.de\/wordpress\/index.php\/impressum-haftungsausschluss-und-datenschutz\/","title":{"rendered":"Impressum"},"content":{"rendered":"\t\t<div data-elementor-type=\"wp-page\" data-elementor-id=\"29\" class=\"elementor elementor-29\">\n\t\t\t\t<div class=\"elementor-element elementor-element-1077af7e e-flex e-con-boxed wpr-particle-no wpr-jarallax-no wpr-parallax-no wpr-sticky-section-no e-con e-parent\" data-id=\"1077af7e\" data-element_type=\"container\">\n\t\t\t\t\t<div class=\"e-con-inner\">\n\t\t\t\t<div class=\"elementor-element elementor-element-4c8ca825 elementor-widget elementor-widget-text-editor\" data-id=\"4c8ca825\" data-element_type=\"widget\" data-widget_type=\"text-editor.default\">\n\t\t\t\t<div class=\"elementor-widget-container\">\n\t\t\t\t\t\t\t<!-- wp:heading {\"level\":5} -->\n<h5><strong>Haftungsausschluss und Datenschutzerkl\u00e4rung<\/strong><\/h5>\n<!-- \/wp:heading --><!-- wp:paragraph -->\n<p>Zur Verwaltung der eingesetzten Cookies und \u00e4hnlichen Technologien (Tracking-Pixel, Web-Beacons etc.) und diesbez\u00fcglicher Einwilligungen setzen wir das Consent Tool &#8220;Real Cookie Banner&#8221; ein. Details zur Funktionsweise von &#8220;Real Cookie Banner&#8221; findest du unter <a href=\"https:\/\/devowl.io\/de\/rcb\/datenverarbeitung\/\" target=\"_blank\" rel=\"noopener noreferrer\">https:\/\/devowl.io\/de\/rcb\/datenverarbeitung\/<\/a>.<br \/><br \/>Rechtsgrundlagen f\u00fcr die Verarbeitung von personenbezogenen Daten in diesem Zusammenhang sind Art. 6 Abs. 1 lit. c DS-GVO und Art. 6 Abs. 1 lit. f DS-GVO. Unser berechtigtes Interesse ist die Verwaltung der eingesetzten Cookies und \u00e4hnlichen Technologien und der diesbez\u00fcglichen Einwilligungen. <br \/><br \/>Die Bereitstellung der personenbezogenen Daten ist weder vertraglich vorgeschrieben noch f\u00fcr den Abschluss eines Vertrages notwendig. Du bist nicht verpflichtet die personenbezogenen Daten bereitzustellen. Wenn du die personenbezogenen Daten nicht bereitstellst, k\u00f6nnen wir deine Einwilligungen nicht verwalten.<\/p>\n<p>Es ist m\u00f6glich, dass der Cookie Banner nicht angezeigt wird: Dies geschieht \u00fcber den sogenannten &#8220;Do Not Track&#8221; Header. Mit dem &#8220;Do Not Track&#8221;-Header signalisieren Nutzer den Websites, dass sie nicht getrackt werden wollen. Real Cookie Banner kann diese Information nutzen, um alle nicht-essenziellen Cookies abzulehnen, da diese in der Regel Systeme zum User-Tracking enthalten. In diesem Fall wird dem Besucher der Webseite kein Cookie Banner angezeigt, da durch seine Vorauswahl davon ausgegangen wird, dass er keine weiteren Cookies zulassen wird.<\/p>\n<p><strong>Rechtliche Hinweise \/ Haftungsausschluss:<\/strong><\/p>\n<!-- \/wp:paragraph --><!-- wp:list -->\n<ul>\n<li>1. Triptiser Stadt- und Festverein e.V.<\/li>\n<li>Vorsitzender: Michael Horn<\/li>\n<li>Ro\u00dfstra\u00dfe 13<\/li>\n<li>07819 Triptis<\/li>\n<li>Telefon: 036482-32657<\/li>\n<li>eMail: <a href=\"mailto:info@festvereintriptis.de\">info@festvereintriptis.de<\/a><\/li>\n<\/ul>\n<!-- \/wp:list --><!-- wp:paragraph -->\n<p id=\"u269-16\">Alle Rechte vorbehalten.<\/p>\n<!-- \/wp:paragraph --><!-- wp:paragraph -->\n<p id=\"u533-2\"><strong>Haftung f\u00fcr Inhalte<\/strong><\/p>\n<!-- \/wp:paragraph --><!-- wp:paragraph -->\n<p id=\"u533-4\">Als Diensteanbieter sind wir gem\u00e4\u00df \u00a7 7 Abs.1 TMG f\u00fcr eigene Inhalte auf diesen Seiten nach den allgemeinen Gesetzen verantwortlich. Nach \u00a7\u00a7 8 bis 10 TMG sind wir als Diensteanbieter jedoch nicht verpflichtet, \u00fcbermittelte oder gespeicherte fremde Informationen zu \u00fcberwachen oder nach Umst\u00e4nden zu forschen, die auf eine rechtswidrige T\u00e4tigkeit hinweisen. Verpflichtungen zur Entfernung oder Sperrung der Nutzung von Informationen nach den allgemeinen Gesetzen bleiben hiervon unber\u00fchrt. Eine diesbez\u00fcgliche Haftung ist jedoch erst ab dem Zeitpunkt der Kenntnis einer konkreten Rechtsverletzung m\u00f6glich. Bei Bekanntwerden von entsprechenden Rechtsverletzungen werden wir diese Inhalte umgehend entfernen.<\/p>\n<!-- \/wp:paragraph --><!-- wp:paragraph -->\n<p id=\"u533-7\"><strong>Haftung f\u00fcr Links<\/strong><\/p>\n<!-- \/wp:paragraph --><!-- wp:paragraph -->\n<p id=\"u533-9\">Unser Angebot enth\u00e4lt Links zu externen Webseiten Dritter, auf deren Inhalte wir keinen Einfluss haben. Deshalb k\u00f6nnen wir f\u00fcr diese fremden Inhalte auch keine Gew\u00e4hr \u00fcbernehmen. F\u00fcr die Inhalte der verlinkten Seiten ist stets der jeweilige Anbieter oder Betreiber der Seiten verantwortlich. Die verlinkten Seiten wurden zum Zeitpunkt der Verlinkung auf m\u00f6gliche Rechtsverst\u00f6\u00dfe \u00fcberpr\u00fcft. Rechtswidrige Inhalte waren zum Zeitpunkt der Verlinkung nicht erkennbar. Eine permanente inhaltliche Kontrolle der verlinkten Seiten ist jedoch ohne konkrete Anhaltspunkte einer Rechtsverletzung nicht zumutbar. Bei Bekanntwerden von Rechtsverletzungen werden wir derartige Links umgehend entfernen.\u00a0<\/p>\n<!-- \/wp:paragraph --><!-- wp:paragraph -->\n<p id=\"u533-12\"><strong>Urheberrecht<\/strong><\/p>\n<!-- \/wp:paragraph --><!-- wp:paragraph -->\n<p id=\"u533-14\">Die durch die Seitenbetreiber erstellten Inhalte und Werke auf diesen Seiten unterliegen dem deutschen Urheberrecht. Die Vervielf\u00e4ltigung, Bearbeitung, Verbreitung und jede Art der Verwertung au\u00dferhalb der Grenzen des Urheberrechtes bed\u00fcrfen der schriftlichen Zustimmung des jeweiligen Autors bzw. Erstellers. Downloads und Kopien dieser Seite sind nur f\u00fcr den privaten, nicht kommerziellen Gebrauch gestattet. Soweit die Inhalte auf dieser Seite nicht vom Betreiber erstellt wurden, werden die Urheberrechte Dritter beachtet. Insbesondere werden Inhalte Dritter als solche gekennzeichnet. Sollten Sie trotzdem auf eine Urheberrechtsverletzung aufmerksam werden, bitten wir um einen entsprechenden Hinweis. Bei Bekanntwerden von Rechtsverletzungen werden wir derartige Inhalte umgehend entfernen.<\/p>\n<!-- \/wp:paragraph --><!-- wp:paragraph -->\n<p id=\"u270-5\"><strong>Allgemeine Hinweise<\/strong><\/p>\n<!-- \/wp:paragraph --><!-- wp:paragraph -->\n<p id=\"u270-7\">Der 1. Triptiser Stadt- und Festverein e.V. nimmt den Schutz Ihrer pers\u00f6nlichen Daten ernst. Er behandelt Ihre personenbezogenen Daten vertraulich und entsprechend der gesetzlichen Datenschutzvorschriften sowie dieser Datenschutzerkl\u00e4rung. Der 1. Triptiser Stadt- und Festverein e.V. ist um die Sicherheit Ihrer Daten im Rahmen der geltenden Datenschutzgesetze und technischen M\u00f6glichkeiten maximal bem\u00fcht.<\/p>\n<!-- \/wp:paragraph --><!-- wp:paragraph -->\n<p id=\"u270-8\">Der 1. Triptiser Stadt- und Festverein e.V. weist darauf hin, dass die Daten\u00fcbertragung im Internet (z.B. bei der Kommunikation per E-Mail) Sicherheitsl\u00fccken aufweisen kann. Ein l\u00fcckenloser Schutz der Daten vor dem Zugriff durch Dritte ist nicht m\u00f6glich. Der 1. Triptiser Stadt- und Festverein e.V. gew\u00e4hrleistet au\u00dferdem nicht, dass sein Angebot zu bestimmten Zeiten zur Verf\u00fcgung steht; St\u00f6rungen, Unterbrechungen oder Ausf\u00e4lle k\u00f6nnen nicht ausgeschlossen werden. Die verwendeten Server werden regelm\u00e4\u00dfig sorgf\u00e4ltig gesichert.<\/p>\n<!-- \/wp:paragraph --><!-- wp:paragraph -->\n<p id=\"u270-11\">Die folgenden Hinweise geben einen \u00dcberblick dar\u00fcber, was mit Ihren personenbezogenen Daten passiert, wenn Sie diese Website besuchen. Personenbezogene Daten sind alle Daten, mit denen Sie pers\u00f6nlich identifiziert werden k\u00f6nnen. Ausf\u00fchrliche Informationen zum Thema Datenschutz entnehmen Sie der unter diesem Text aufgef\u00fchrten Datenschutzerkl\u00e4rung.<\/p>\n<!-- \/wp:paragraph --><!-- wp:heading {\"level\":5} -->\n<h5 id=\"u270-14\"><strong>Datenerfassung auf unserer Website<\/strong><\/h5>\n<!-- \/wp:heading --><!-- wp:paragraph -->\n<p id=\"u270-18\"><strong>Wer ist verantwortlich f\u00fcr die Datenerfassung auf dieser Website?<\/strong><\/p>\n<!-- \/wp:paragraph --><!-- wp:paragraph -->\n<p id=\"u270-20\">Grunds\u00e4tzlich verwendet der 1. Triptiser Stadt- und Festverein e.V. Ihre personenbezogenen Daten nur innerhalb seines Vereins. Verantwortlicher f\u00fcr die Erhebung, Verarbeitung und Nutzung Ihrer personenbezogenen Daten im Sinne von Art. 4 Nr. 7 DSGVO ist der linksseitig im Impressum gef\u00fchrte 1. Triptiser Stadt- und Festverein e.V..<\/p>\n<!-- \/wp:paragraph --><!-- wp:paragraph -->\n<p id=\"u270-21\">Sofern Sie der Erhebung, Verarbeitung oder Nutzung Ihrer Daten durch den 1. Triptiser Stadt- und Festverein e.V. nach Ma\u00dfgabe dieser Datenschutzbestimmungen insgesamt oder f\u00fcr einzelne Ma\u00dfnahmen widersprechen wollen, k\u00f6nnen Sie Ihren Widerspruch an den im Impressum benannten Verantwortlichen richten. Sie k\u00f6nnen diese Datenschutzerkl\u00e4rung jederzeit speichern und ausdrucken.<\/p>\n<!-- \/wp:paragraph --><!-- wp:paragraph -->\n<p id=\"u270-24\"><strong>Wie erfassen wir Ihre Daten?<\/strong><\/p>\n<!-- \/wp:paragraph --><!-- wp:paragraph -->\n<p id=\"u270-28\">Ihre Daten werden zum einen dadurch erhoben, dass Sie uns diese mitteilen. Hierbei kann es sich z.B. um Daten handeln, die Sie in ein Anmelde- oder Kontaktformular eingeben.<\/p>\n<!-- \/wp:paragraph --><!-- wp:paragraph -->\n<p id=\"u270-29\">Andere Daten werden automatisch beim Besuch der Website durch unsere IT-Systeme erfasst. Das sind vor allem technische Daten (z.B. Internetbrowser, Betriebssystem oder Uhrzeit des Seitenaufrufs). Die Erfassung dieser Daten erfolgt automatisch, sobald Sie unsere Website betreten.<\/p>\n<!-- \/wp:paragraph --><!-- wp:paragraph -->\n<p id=\"u270-32\"><strong>Wof\u00fcr nutzen wir Ihre Daten?<\/strong><\/p>\n<!-- \/wp:paragraph --><!-- wp:paragraph -->\n<p id=\"u270-36\">Ein Teil der Daten wird erhoben, um den Betrieb der Website und ihre fehlerfreie Bereitstellung zu gew\u00e4hrleisten. Andere Daten k\u00f6nnen zur Analyse Ihres Nutzerverhaltens verwendet werden. Die vom Elektromeisterbetrieb Michael Horn in Anspruch genommenen Hosting-Leistungen dienen der Zurverf\u00fcgung-stellung der folgenden Leistungen, die wir zum Zweck des Betriebs der Website einsetzen:<\/p>\n<!-- \/wp:paragraph --><!-- wp:list -->\n<ul>\n<li>Infrastruktur- und Plattformdienstleistungen<\/li>\n<li>Rechenkapazit\u00e4t<\/li>\n<li>Speicherplatz und Datenbankdienste<\/li>\n<li>Sicherheitsleistungen sowie technische Wartungsleistungen<\/li>\n<\/ul>\n<!-- \/wp:list --><!-- wp:paragraph -->\n<p id=\"u270-45\">Der Hosting-Anbieter des 1. Triptiser Stadt- und Festvereins e.V. sammelt Informationen \u00fcber Sie, wenn Sie diese Website nutzen. Er erfasst automatisch Informationen \u00fcber Ihr Nutzungsverhalten und Ihre Interaktion mit uns und registrieren Daten zu Ihrem Computer oder Mobilger\u00e4t. Er erhebt, speichert und nutzt Daten \u00fcber jeden Zugriff auf unsere Website (sogenannte Serverlogfiles). Zu den Zugriffsdaten geh\u00f6ren:<\/p>\n<!-- \/wp:paragraph --><!-- wp:list -->\n<ul>\n<li>Name und URL der abgerufenen Datei<\/li>\n<li>Datum und Uhrzeit des Abrufs<\/li>\n<li>\u00dcbertragene Datenmenge<\/li>\n<li>Meldung \u00fcber erfolgreichen Abruf (HTTP response code)<\/li>\n<li>Browsertyp und Browserversion<\/li>\n<li>Betriebssystem<\/li>\n<li>Referer URL (d.h. die zuvor besuchte Seite)<\/li>\n<li>Internet-Service-Provider des Nutzers<\/li>\n<li>IP-Adresse und der anfragende Provider<\/li>\n<\/ul>\n<!-- \/wp:list --><!-- wp:paragraph -->\n<p id=\"u270-66\">Der 1. Triptiser Stadt- und Festverein e.V. nutzt diese Protokolldaten ohne Zuordnung zu Ihrer Person oder sonstiger Profilerstellung f\u00fcr statistische Auswertungen zum Zweck des Betriebs, der Sicherheit und der Optimierung seiner\u00a0 Website, aber auch zur anonymen Erfassung der Anzahl der Besucher auf seiner Website (traffic) sowie zum Umfang und zur Art der Nutzung seiner Website und Dienste, Hierin liegt auch sein berechtigtes Interesse gem\u00e4\u00df Art 6 Abs. 1 S. 1 f) DSGVO.<\/p>\n<!-- \/wp:paragraph --><!-- wp:paragraph -->\n<p id=\"u270-69\"><strong>Welche Rechte haben Sie bez\u00fcglich Ihrer Daten?<\/strong><\/p>\n<!-- \/wp:paragraph --><!-- wp:paragraph -->\n<p id=\"u270-73\">Sie haben jederzeit das Recht unentgeltlich Auskunft \u00fcber Herkunft, Empf\u00e4nger und Zweck Ihrer gespeicherten personenbezogenen Daten zu erhalten. Sie haben au\u00dferdem ein Recht, die Berichtigung, Sperrung oder L\u00f6schung dieser Daten zu verlangen. Hierzu sowie zu weiteren Fragen zum Thema Datenschutz k\u00f6nnen Sie sich jederzeit unter der im Impressum angegebenen Adresse an den 1. Triptiser Stadt- und Festverein e.V. wenden. Des Weiteren steht Ihnen ein Beschwerderecht bei der zust\u00e4ndigen Aufsichtsbeh\u00f6rde zu.<\/p>\n<!-- \/wp:paragraph --><!-- wp:paragraph -->\n<p id=\"u270-74\">Sie haben das Recht, vom 1. Triptiser Stadt- und Festverein e.V. unverz\u00fcglich die Berichtigung Sie betreffender unrichtiger personenbezogener Daten zu verlangen. Unter Ber\u00fccksichtigung der Zwecke der Verarbeitung haben Sie das Recht, die Vervollst\u00e4ndigung unvollst\u00e4ndiger personenbezogener Daten \u2013 auch mittels einer erg\u00e4nzenden Erkl\u00e4rung \u2013 zu verlangen.<\/p>\n<!-- \/wp:paragraph --><!-- wp:paragraph -->\n<p id=\"u270-77\">Sie haben gem\u00e4\u00df Art. 17 Abs. 1 DSGVO das Recht, vom 1. Triptiser Stadt- und Festverein e.V. die Einschr\u00e4nkung der Verarbeitung Ihrer Daten ebenso zu verlangen, wie dass Sie betreffende personenbezogene Daten unverz\u00fcglich gel\u00f6scht werden.<\/p>\n<!-- \/wp:paragraph --><!-- wp:paragraph -->\n<p id=\"u270-80\"><strong>Cookies, Analyse-Tools und Tools von Drittanbietern<\/strong><\/p>\n<!-- \/wp:paragraph --><!-- wp:paragraph -->\n<p id=\"u270-84\">Beim Besuch der Website des 1. Triptiser Stadt- und Festvereins e.V. kann Ihr Surf-Verhalten statistisch ausgewertet werden. Das geschieht vor allem mit Cookies. Die Analyse Ihres Surf-Verhaltens erfolgt anonym: Das Surf-Verhalten kann nicht zu Ihnen zur\u00fcckverfolgt werden. Sie k\u00f6nnen dieser Analyse widersprechen oder sie durch die Nichtbenutzung bestimmter Tools verhindern.<\/p>\n<!-- \/wp:paragraph --><!-- wp:paragraph -->\n<p id=\"u270-85\">Wir verwenden sogenannte Session-Cookies, um unsere Website zu optimieren. Ein Session-Cookie ist eine kleine Textdatei, die von den jeweiligen Servern beim Besuch einer Internetseite verschickt und auf Ihrer Festplatte zwischengespeichert wird. Diese Datei als solche enth\u00e4lt eine sogenannte Session-ID, mit welcher sich verschiedene Anfragen Ihres Browsers der gemeinsamen Sitzung zuordnen lassen. Dadurch kann Ihr Rechner wiedererkannt werden, wenn Sie auf unsere Website zur\u00fcckkehren. Diese Cookies werden gel\u00f6scht, nachdem Sie Ihren Browser schlie\u00dfen. Persistente Cookies werden auf unserer Website nicht eingesetzt.<\/p>\n<!-- \/wp:paragraph --><!-- wp:paragraph -->\n<p id=\"u270-88\"><strong>Anmelde- und Kontaktformular-Daten<\/strong><\/p>\n<!-- \/wp:paragraph --><!-- wp:paragraph -->\n<p id=\"u270-92\">Der 1. Triptiser Stadt- und Festverein e.V. verarbeitet personenbezogene Daten, die Sie ihm \u00fcber sein Anmelde- bzw. Kontaktformular auf der Website zur Verf\u00fcgung stellen. Die abgefragten Daten sind f\u00fcr eine Anmeldung zu einer Veranstaltung bzw. zur Kontaktaufnahme seinerseits &#8211; sowie f\u00fcr den Fall, dass Anschlussfragen entstehen &#8211; erforderlich und werden nach erfolgreicher Kontaktaufnahme gel\u00f6scht, sofern es nicht zu eine Anmeldung zwischen dem 1. Triptiser Stadt- und Festverein e.V. und dem Interessenten handelt.<\/p>\n<!-- \/wp:paragraph --><!-- wp:paragraph -->\n<p id=\"u270-93\">Weitere personenbezogene Daten verarbeitet der 1. Triptiser Stadt- und Festverein e.V. nur, wenn Sie dazu einwilligen (Art. 6 Abs. 1 S. 1 a) DSGVO) oder er ein berechtigtes Interesse an der Verarbeitung Ihrer Daten hat (Art. 6 Abs. 1 S. 1 f) DSGVO). Ein berechtigtes Interesse liegt z. B. darin, auf Ihre E-Mail zu antworten.<\/p>\n<!-- \/wp:paragraph --><!-- wp:paragraph -->\n<p id=\"u270-96\"><strong>Speicherdauer<\/strong><\/p>\n<!-- \/wp:paragraph --><!-- wp:paragraph -->\n<p id=\"u270-100\">Sofern nicht spezifisch angegeben, speichert der 1. Triptiser Stadt- und Festverein e.V. personenbezogene Daten nur so lange, wie dies zur Erf\u00fcllung der verfolgten Zwecke notwendig ist. In einigen F\u00e4llen sieht der Gesetzgeber die Aufbewahrung von personenbezogenen Daten vor, etwa im Steuer- oder Handelsrecht. In diesen F\u00e4llen werden die Daten vom 1. Triptiser Stadt- und Festverein e.V. lediglich f\u00fcr diese gesetzlichen Zwecke weiter gespeichert, aber nicht anderweitig verarbeitet und nach Ablauf der gesetzlichen Aufbewahrungsfrist gel\u00f6scht.<\/p>\n<!-- \/wp:paragraph -->\t\t\t\t\t\t<\/div>\n\t\t\t\t<\/div>\n\t\t\t\t\t<\/div>\n\t\t\t\t<\/div>\n\t\t\t\t<\/div>\n\t\t","protected":false},"excerpt":{"rendered":"<p>Haftungsausschluss und Datenschutzerkl\u00e4rung Zur Verwaltung der eingesetzten Cookies und \u00e4hnlichen Technologien (Tracking-Pixel, Web-Beacons etc.) und diesbez\u00fcglicher Einwilligungen setzen wir das Consent Tool &#8220;Real Cookie Banner&#8221; ein. Details zur Funktionsweise von &#8220;Real Cookie Banner&#8221; findest du unter https:\/\/devowl.io\/de\/rcb\/datenverarbeitung\/. Rechtsgrundlagen f\u00fcr die Verarbeitung von personenbezogenen Daten in diesem Zusammenhang sind Art. 6 &hellip; <\/p>\n","protected":false},"author":1,"featured_media":0,"parent":0,"menu_order":0,"comment_status":"closed","ping_status":"closed","template":"","meta":{"footnotes":""},"class_list":["post-29","page","type-page","status-publish","hentry"],"_links":{"self":[{"href":"http:\/\/www.festvereintriptis.de\/wordpress\/index.php\/wp-json\/wp\/v2\/pages\/29"}],"collection":[{"href":"http:\/\/www.festvereintriptis.de\/wordpress\/index.php\/wp-json\/wp\/v2\/pages"}],"about":[{"href":"http:\/\/www.festvereintriptis.de\/wordpress\/index.php\/wp-json\/wp\/v2\/types\/page"}],"author":[{"embeddable":true,"href":"http:\/\/www.festvereintriptis.de\/wordpress\/index.php\/wp-json\/wp\/v2\/users\/1"}],"replies":[{"embeddable":true,"href":"http:\/\/www.festvereintriptis.de\/wordpress\/index.php\/wp-json\/wp\/v2\/comments?post=29"}],"version-history":[{"count":12,"href":"http:\/\/www.festvereintriptis.de\/wordpress\/index.php\/wp-json\/wp\/v2\/pages\/29\/revisions"}],"predecessor-version":[{"id":1031,"href":"http:\/\/www.festvereintriptis.de\/wordpress\/index.php\/wp-json\/wp\/v2\/pages\/29\/revisions\/1031"}],"wp:attachment":[{"href":"http:\/\/www.festvereintriptis.de\/wordpress\/index.php\/wp-json\/wp\/v2\/media?parent=29"}],"curies":[{"name":"wp","href":"https:\/\/api.w.org\/{rel}","templated":true}]}}