{"id":22,"date":"2021-10-27T12:16:13","date_gmt":"2021-10-27T10:16:13","guid":{"rendered":"http:\/\/www.festvereintriptis.de\/wordpress\/?page_id=22"},"modified":"2023-12-29T12:47:06","modified_gmt":"2023-12-29T11:47:06","slug":"unsere-sponsoren","status":"publish","type":"page","link":"http:\/\/www.festvereintriptis.de\/wordpress\/index.php\/unsere-sponsoren\/","title":{"rendered":"Unsere Sponsoren"},"content":{"rendered":"\t\t<div data-elementor-type=\"wp-page\" data-elementor-id=\"22\" class=\"elementor elementor-22\">\n\t\t\t\t<div class=\"elementor-element elementor-element-6ed95cb6 e-flex e-con-boxed wpr-particle-no wpr-jarallax-no wpr-parallax-no wpr-sticky-section-no e-con e-parent\" data-id=\"6ed95cb6\" data-element_type=\"container\">\n\t\t\t\t\t<div class=\"e-con-inner\">\n\t\t\t\t<div class=\"elementor-element elementor-element-584dcbf4 elementor-widget elementor-widget-text-editor\" data-id=\"584dcbf4\" data-element_type=\"widget\" data-widget_type=\"text-editor.default\">\n\t\t\t\t<div class=\"elementor-widget-container\">\n\t\t\t\t\t\t\t<!-- wp:paragraph {\"dropCap\":true} -->\n<p class=\"has-drop-cap\">Der 1. Triptiser Stadt- und Festverein bedankt sich sehr herzlich bei seinen Sponsoren, die ihn bei der Durchf\u00fchrung des Triptiser Stadtwaldlaufs tatkr\u00e4ftig unterst\u00fctzen.<\/p>\n<!-- \/wp:paragraph -->\t\t\t\t\t\t<\/div>\n\t\t\t\t<\/div>\n\t\t\t\t\t<\/div>\n\t\t\t\t<\/div>\n\t\t<div class=\"elementor-element elementor-element-42bb879 e-flex e-con-boxed wpr-particle-no wpr-jarallax-no wpr-parallax-no wpr-sticky-section-no e-con e-parent\" data-id=\"42bb879\" data-element_type=\"container\">\n\t\t\t\t\t<div class=\"e-con-inner\">\n\t\t<div class=\"elementor-element elementor-element-d62f102 e-con-full e-flex wpr-particle-no wpr-jarallax-no wpr-parallax-no wpr-sticky-section-no e-con e-child\" data-id=\"d62f102\" data-element_type=\"container\">\n\t\t\t\t<div class=\"elementor-element elementor-element-500ce54 elementor-widget elementor-widget-image\" data-id=\"500ce54\" data-element_type=\"widget\" data-widget_type=\"image.default\">\n\t\t\t\t<div class=\"elementor-widget-container\">\n\t\t\t\t\t\t\t\t\t\t<figure class=\"wp-caption\">\n\t\t\t\t\t\t\t\t\t\t<img decoding=\"async\" width=\"307\" height=\"123\" src=\"http:\/\/www.festvereintriptis.de\/wordpress\/wp-content\/uploads\/2023\/12\/logo_ksk_14_rw.jpg\" class=\"attachment-full size-full wp-image-435\" alt=\"Logo Kreissparkasse Saale-Orla\" srcset=\"http:\/\/www.festvereintriptis.de\/wordpress\/wp-content\/uploads\/2023\/12\/logo_ksk_14_rw.jpg 307w, http:\/\/www.festvereintriptis.de\/wordpress\/wp-content\/uploads\/2023\/12\/logo_ksk_14_rw-300x120.jpg 300w\" sizes=\"(max-width: 307px) 100vw, 307px\" \/>\t\t\t\t\t\t\t\t\t\t\t<figcaption class=\"widget-image-caption wp-caption-text\">Kreissparkasse Saale-Orla<\/figcaption>\n\t\t\t\t\t\t\t\t\t\t<\/figure>\n\t\t\t\t\t\t\t<\/div>\n\t\t\t\t<\/div>\n\t\t\t\t<\/div>\n\t\t<div class=\"elementor-element elementor-element-dcecc34 e-con-full e-flex wpr-particle-no wpr-jarallax-no wpr-parallax-no wpr-sticky-section-no e-con e-child\" data-id=\"dcecc34\" data-element_type=\"container\">\n\t\t\t\t<div class=\"elementor-element elementor-element-557c9e1 elementor-widget elementor-widget-image\" data-id=\"557c9e1\" data-element_type=\"widget\" data-widget_type=\"image.default\">\n\t\t\t\t<div class=\"elementor-widget-container\">\n\t\t\t\t\t\t\t\t\t\t<figure class=\"wp-caption\">\n\t\t\t\t\t\t\t\t\t\t<img decoding=\"async\" width=\"307\" height=\"101\" src=\"http:\/\/www.festvereintriptis.de\/wordpress\/wp-content\/uploads\/2023\/12\/logo_pvp.jpg\" class=\"attachment-full size-full wp-image-437\" alt=\"Logo PVP Technologie in Gummi\" srcset=\"http:\/\/www.festvereintriptis.de\/wordpress\/wp-content\/uploads\/2023\/12\/logo_pvp.jpg 307w, http:\/\/www.festvereintriptis.de\/wordpress\/wp-content\/uploads\/2023\/12\/logo_pvp-300x99.jpg 300w\" sizes=\"(max-width: 307px) 100vw, 307px\" \/>\t\t\t\t\t\t\t\t\t\t\t<figcaption class=\"widget-image-caption wp-caption-text\">PVP: Technologie in Gummi<\/figcaption>\n\t\t\t\t\t\t\t\t\t\t<\/figure>\n\t\t\t\t\t\t\t<\/div>\n\t\t\t\t<\/div>\n\t\t\t\t<\/div>\n\t\t<div class=\"elementor-element elementor-element-eaad7cf e-con-full e-flex wpr-particle-no wpr-jarallax-no wpr-parallax-no wpr-sticky-section-no e-con e-child\" data-id=\"eaad7cf\" data-element_type=\"container\">\n\t\t\t\t<div class=\"elementor-element elementor-element-8b6810c elementor-widget elementor-widget-image\" data-id=\"8b6810c\" data-element_type=\"widget\" data-widget_type=\"image.default\">\n\t\t\t\t<div class=\"elementor-widget-container\">\n\t\t\t\t\t\t\t\t\t\t<figure class=\"wp-caption\">\n\t\t\t\t\t\t\t\t\t\t<img decoding=\"async\" width=\"307\" height=\"116\" src=\"http:\/\/www.festvereintriptis.de\/wordpress\/wp-content\/uploads\/2023\/12\/logo_thueringer_energie.png\" class=\"attachment-full size-full wp-image-438\" alt=\"Logo TEAG Energie\" srcset=\"http:\/\/www.festvereintriptis.de\/wordpress\/wp-content\/uploads\/2023\/12\/logo_thueringer_energie.png 307w, http:\/\/www.festvereintriptis.de\/wordpress\/wp-content\/uploads\/2023\/12\/logo_thueringer_energie-300x113.png 300w\" sizes=\"(max-width: 307px) 100vw, 307px\" \/>\t\t\t\t\t\t\t\t\t\t\t<figcaption class=\"widget-image-caption wp-caption-text\">TEAG: Th\u00fcringer Energie<\/figcaption>\n\t\t\t\t\t\t\t\t\t\t<\/figure>\n\t\t\t\t\t\t\t<\/div>\n\t\t\t\t<\/div>\n\t\t\t\t<\/div>\n\t\t<div class=\"elementor-element elementor-element-628548a e-con-full e-flex wpr-particle-no wpr-jarallax-no wpr-parallax-no wpr-sticky-section-no e-con e-child\" data-id=\"628548a\" data-element_type=\"container\">\n\t\t\t\t<div class=\"elementor-element elementor-element-2249b36 elementor-widget elementor-widget-image\" data-id=\"2249b36\" data-element_type=\"widget\" data-widget_type=\"image.default\">\n\t\t\t\t<div class=\"elementor-widget-container\">\n\t\t\t\t\t\t\t\t\t\t<figure class=\"wp-caption\">\n\t\t\t\t\t\t\t\t\t\t<img loading=\"lazy\" decoding=\"async\" width=\"307\" height=\"123\" src=\"http:\/\/www.festvereintriptis.de\/wordpress\/wp-content\/uploads\/2023\/12\/logo_horn.jpg\" class=\"attachment-full size-full wp-image-434\" alt=\"Logo Elektromeisterbetrieb Michael Horn\" srcset=\"http:\/\/www.festvereintriptis.de\/wordpress\/wp-content\/uploads\/2023\/12\/logo_horn.jpg 307w, http:\/\/www.festvereintriptis.de\/wordpress\/wp-content\/uploads\/2023\/12\/logo_horn-300x120.jpg 300w\" sizes=\"(max-width: 307px) 100vw, 307px\" \/>\t\t\t\t\t\t\t\t\t\t\t<figcaption class=\"widget-image-caption wp-caption-text\">Elektromeisterbetieb Michael Horn<\/figcaption>\n\t\t\t\t\t\t\t\t\t\t<\/figure>\n\t\t\t\t\t\t\t<\/div>\n\t\t\t\t<\/div>\n\t\t\t\t<\/div>\n\t\t\t\t\t<\/div>\n\t\t\t\t<\/div>\n\t\t<div class=\"elementor-element elementor-element-8790cae e-flex e-con-boxed wpr-particle-no wpr-jarallax-no wpr-parallax-no wpr-sticky-section-no e-con e-parent\" data-id=\"8790cae\" data-element_type=\"container\">\n\t\t\t\t\t<div class=\"e-con-inner\">\n\t\t<div class=\"elementor-element elementor-element-d8c0f44 e-con-full e-flex wpr-particle-no wpr-jarallax-no wpr-parallax-no wpr-sticky-section-no e-con e-child\" data-id=\"d8c0f44\" data-element_type=\"container\">\n\t\t\t\t<div class=\"elementor-element elementor-element-c07000f elementor-widget elementor-widget-image\" data-id=\"c07000f\" data-element_type=\"widget\" data-widget_type=\"image.default\">\n\t\t\t\t<div class=\"elementor-widget-container\">\n\t\t\t\t\t\t\t\t\t\t<figure class=\"wp-caption\">\n\t\t\t\t\t\t\t\t\t\t<img loading=\"lazy\" decoding=\"async\" width=\"307\" height=\"123\" src=\"http:\/\/www.festvereintriptis.de\/wordpress\/wp-content\/uploads\/2023\/12\/logo_landhotel.jpg\" class=\"attachment-full size-full wp-image-436\" alt=\"Logo Landgasthof Zur Goldenen Aue\" srcset=\"http:\/\/www.festvereintriptis.de\/wordpress\/wp-content\/uploads\/2023\/12\/logo_landhotel.jpg 307w, http:\/\/www.festvereintriptis.de\/wordpress\/wp-content\/uploads\/2023\/12\/logo_landhotel-300x120.jpg 300w\" sizes=\"(max-width: 307px) 100vw, 307px\" \/>\t\t\t\t\t\t\t\t\t\t\t<figcaption class=\"widget-image-caption wp-caption-text\">Landgasthof \"Zur Goldenen Aue\"<\/figcaption>\n\t\t\t\t\t\t\t\t\t\t<\/figure>\n\t\t\t\t\t\t\t<\/div>\n\t\t\t\t<\/div>\n\t\t\t\t<\/div>\n\t\t<div class=\"elementor-element elementor-element-43fa68f e-con-full e-flex wpr-particle-no wpr-jarallax-no wpr-parallax-no wpr-sticky-section-no e-con e-child\" data-id=\"43fa68f\" data-element_type=\"container\">\n\t\t\t\t<div class=\"elementor-element elementor-element-fb1fc36 elementor-widget elementor-widget-image\" data-id=\"fb1fc36\" data-element_type=\"widget\" data-widget_type=\"image.default\">\n\t\t\t\t<div class=\"elementor-widget-container\">\n\t\t\t\t\t\t\t\t\t\t<figure class=\"wp-caption\">\n\t\t\t\t\t\t\t\t\t\t<img loading=\"lazy\" decoding=\"async\" width=\"307\" height=\"123\" src=\"http:\/\/www.festvereintriptis.de\/wordpress\/wp-content\/uploads\/2023\/12\/logo_triptis.jpg\" class=\"attachment-full size-full wp-image-439\" alt=\"Stadtwappen Triptis\" srcset=\"http:\/\/www.festvereintriptis.de\/wordpress\/wp-content\/uploads\/2023\/12\/logo_triptis.jpg 307w, http:\/\/www.festvereintriptis.de\/wordpress\/wp-content\/uploads\/2023\/12\/logo_triptis-300x120.jpg 300w\" sizes=\"(max-width: 307px) 100vw, 307px\" \/>\t\t\t\t\t\t\t\t\t\t\t<figcaption class=\"widget-image-caption wp-caption-text\">Verwaltungsgemeinschaft Triptis<\/figcaption>\n\t\t\t\t\t\t\t\t\t\t<\/figure>\n\t\t\t\t\t\t\t<\/div>\n\t\t\t\t<\/div>\n\t\t\t\t<\/div>\n\t\t<div class=\"elementor-element elementor-element-3cd4e55 e-con-full e-flex wpr-particle-no wpr-jarallax-no wpr-parallax-no wpr-sticky-section-no e-con e-child\" data-id=\"3cd4e55\" data-element_type=\"container\" data-settings=\"{&quot;background_background&quot;:&quot;classic&quot;}\">\n\t\t\t\t<div class=\"elementor-element elementor-element-9a4a54b elementor-widget elementor-widget-text-editor\" data-id=\"9a4a54b\" data-element_type=\"widget\" data-widget_type=\"text-editor.default\">\n\t\t\t\t<div class=\"elementor-widget-container\">\n\t\t\t\t\t\t\t<div id=\"ppu387\" class=\"clearfix grpelem\">\n<div id=\"u957-6\" class=\"clearfix colelem\" style=\"text-align: center;\">\n<h5 style=\"text-align: center;\">Berrang und Sohn<\/h5>\nTankstelle und Reifendienst<\/div>\n<\/div>\t\t\t\t\t\t<\/div>\n\t\t\t\t<\/div>\n\t\t\t\t<\/div>\n\t\t<div class=\"elementor-element elementor-element-05b1c89 e-con-full e-flex wpr-particle-no wpr-jarallax-no wpr-parallax-no wpr-sticky-section-no e-con e-child\" data-id=\"05b1c89\" data-element_type=\"container\">\n\t\t\t\t<\/div>\n\t\t\t\t\t<\/div>\n\t\t\t\t<\/div>\n\t\t\t\t<\/div>\n\t\t","protected":false},"excerpt":{"rendered":"<p>Der 1. Triptiser Stadt- und Festverein bedankt sich sehr herzlich bei seinen Sponsoren, die ihn bei der Durchf\u00fchrung des Triptiser Stadtwaldlaufs tatkr\u00e4ftig unterst\u00fctzen. Kreissparkasse Saale-Orla PVP: Technologie in Gummi TEAG: Th\u00fcringer Energie Elektromeisterbetieb Michael Horn Landgasthof &#8220;Zur Goldenen Aue&#8221; Verwaltungsgemeinschaft Triptis Berrang und Sohn Tankstelle und Reifendienst<\/p>\n","protected":false},"author":1,"featured_media":0,"parent":0,"menu_order":0,"comment_status":"closed","ping_status":"closed","template":"","meta":{"footnotes":""},"class_list":["post-22","page","type-page","status-publish","hentry"],"_links":{"self":[{"href":"http:\/\/www.festvereintriptis.de\/wordpress\/index.php\/wp-json\/wp\/v2\/pages\/22"}],"collection":[{"href":"http:\/\/www.festvereintriptis.de\/wordpress\/index.php\/wp-json\/wp\/v2\/pages"}],"about":[{"href":"http:\/\/www.festvereintriptis.de\/wordpress\/index.php\/wp-json\/wp\/v2\/types\/page"}],"author":[{"embeddable":true,"href":"http:\/\/www.festvereintriptis.de\/wordpress\/index.php\/wp-json\/wp\/v2\/users\/1"}],"replies":[{"embeddable":true,"href":"http:\/\/www.festvereintriptis.de\/wordpress\/index.php\/wp-json\/wp\/v2\/comments?post=22"}],"version-history":[{"count":4,"href":"http:\/\/www.festvereintriptis.de\/wordpress\/index.php\/wp-json\/wp\/v2\/pages\/22\/revisions"}],"predecessor-version":[{"id":443,"href":"http:\/\/www.festvereintriptis.de\/wordpress\/index.php\/wp-json\/wp\/v2\/pages\/22\/revisions\/443"}],"wp:attachment":[{"href":"http:\/\/www.festvereintriptis.de\/wordpress\/index.php\/wp-json\/wp\/v2\/media?parent=22"}],"curies":[{"name":"wp","href":"https:\/\/api.w.org\/{rel}","templated":true}]}}